{"id":2245,"date":"2026-04-04T13:10:48","date_gmt":"2026-04-04T13:10:48","guid":{"rendered":"https:\/\/rgedzesek.hu\/dev\/?page_id=2245"},"modified":"2026-04-04T13:11:51","modified_gmt":"2026-04-04T13:11:51","slug":"adatkezelesi-tajekoztato-2","status":"publish","type":"page","link":"https:\/\/rgedzesek.hu\/dev\/adatkezelesi-tajekoztato-2\/","title":{"rendered":"Adatkezel\u00e9si t\u00e1j\u00e9koztat\u00f3"},"content":{"rendered":"\n<p>1. Az adatkezel\u0151 adatai<\/p>\n\n\n\n<p>N\u00e9v: Swan-Sport RG Club<\/p>\n\n\n\n<p>Sz\u00e9khely: 1036 Budapest, Lajos utca 91. 3\/42.<\/p>\n\n\n\n<p>Nyilv\u00e1ntart\u00e1si sz\u00e1m: 01-02-0017865<\/p>\n\n\n\n<p>Ad\u00f3sz\u00e1m: 19337742-1-41<\/p>\n\n\n\n<p>K\u00e9pvisel\u0151: B\u00e1nhidi Vivien<\/p>\n\n\n\n<p>Kapcsolattart\u00f3 e-mail: vivien.banhidi@gmail.com<\/p>\n\n\n\n<p>Telefonsz\u00e1m: +36 70 776 0466<\/p>\n\n\n\n<p>2. A t\u00e1j\u00e9koztat\u00f3 c\u00e9lja<\/p>\n\n\n\n<p>Jelen t\u00e1j\u00e9koztat\u00f3 c\u00e9lja, hogy a Swan-Sport RG Club ny\u00e1ri t\u00e1boraira t\u00f6rt\u00e9n\u0151 jelentkez\u00e9s sor\u00e1n megval\u00f3sul\u00f3 adatkezel\u00e9sr\u0151l k\u00f6z\u00e9rthet\u0151 \u00e9s \u00e1tl\u00e1that\u00f3 t\u00e1j\u00e9koztat\u00e1st adjon a sz\u00fcl\u0151k, t\u00f6rv\u00e9nyes k\u00e9pvisel\u0151k \u00e9s egy\u00e9b \u00e9rintettek r\u00e9sz\u00e9re.<\/p>\n\n\n\n<p>3. A kezelt szem\u00e9lyes adatok k\u00f6re<\/p>\n\n\n\n<p>3.1. A sz\u00fcl\u0151 \/ t\u00f6rv\u00e9nyes k\u00e9pvisel\u0151 adatai<\/p>\n\n\n\n<p>&#8211; n\u00e9v<\/p>\n\n\n\n<p>&#8211; e-mail-c\u00edm<\/p>\n\n\n\n<p>&#8211; telefonsz\u00e1m<\/p>\n\n\n\n<p>&#8211; sz\u00e1ml\u00e1z\u00e1si c\u00edm<\/p>\n\n\n\n<p>&#8211; a jelentkez\u00e9s sor\u00e1n \u00f6nk\u00e9ntesen megadott egy\u00e9b inform\u00e1ci\u00f3k<\/p>\n\n\n\n<p>3.2. A gyermek adatai<\/p>\n\n\n\n<p>&#8211; n\u00e9v<\/p>\n\n\n\n<p>&#8211; sz\u00fclet\u00e9si d\u00e1tum vagy \u00e9letkor \/ sz\u00fclet\u00e9si \u00e9v<\/p>\n\n\n\n<p>&#8211; v\u00e1lasztott helysz\u00edn \u00e9s turnus<\/p>\n\n\n\n<p>&#8211; a jelentkez\u00e9sben megadott egy\u00e9b, a t\u00e1bor szervez\u00e9s\u00e9hez sz\u00fcks\u00e9ges inform\u00e1ci\u00f3k<\/p>\n\n\n\n<p>3.3. K\u00fcl\u00f6nleges adat<\/p>\n\n\n\n<p>Amennyiben a sz\u00fcl\u0151 vagy t\u00f6rv\u00e9nyes k\u00e9pvisel\u0151 \u00f6nk\u00e9ntesen megadja, az adatkezel\u0151 kezelheti a gyermek eg\u00e9szs\u00e9gi \u00e1llapot\u00e1ra, \u00e9tkez\u00e9si saj\u00e1toss\u00e1g\u00e1ra, \u00e9rz\u00e9kenys\u00e9g\u00e9re vagy egy\u00e9b, a biztons\u00e1gos r\u00e9szv\u00e9telhez sz\u00fcks\u00e9ges eg\u00e9szs\u00e9g\u00fcgyi k\u00f6r\u00fclm\u00e9ny\u00e9re vonatkoz\u00f3 adatot.<\/p>\n\n\n\n<p>4. Az adatkezel\u00e9s c\u00e9lja \u00e9s jogalapja<\/p>\n\n\n\n<p>4.1. Jelentkez\u00e9s r\u00f6gz\u00edt\u00e9se, kapcsolattart\u00e1s, a t\u00e1bor megszervez\u00e9se \u00e9s lebonyol\u00edt\u00e1sa<\/p>\n\n\n\n<p>C\u00e9l:<\/p>\n\n\n\n<p>&#8211; a jelentkez\u00e9s fogad\u00e1sa \u00e9s nyilv\u00e1ntart\u00e1sa<\/p>\n\n\n\n<p>&#8211; kapcsolattart\u00e1s a sz\u00fcl\u0151vel \/ t\u00f6rv\u00e9nyes k\u00e9pvisel\u0151vel<\/p>\n\n\n\n<p>&#8211; a gyermek turnusba, helysz\u00ednre, csoportba szervez\u00e9se<\/p>\n\n\n\n<p>&#8211; a t\u00e1bor operat\u00edv lebonyol\u00edt\u00e1sa<\/p>\n\n\n\n<p>Jogalap:<\/p>\n\n\n\n<p>&#8211; GDPR 6. cikk (1) bekezd\u00e9s b) pontja, azaz szerz\u0151d\u00e9s teljes\u00edt\u00e9se vagy a szerz\u0151d\u00e9s megk\u00f6t\u00e9s\u00e9t megel\u0151z\u0151 l\u00e9p\u00e9sek megt\u00e9tele az \u00e9rintett k\u00e9r\u00e9s\u00e9re<\/p>\n\n\n\n<p>4.2. Sz\u00e1ml\u00e1z\u00e1s \u00e9s sz\u00e1mviteli k\u00f6telezetts\u00e9gek teljes\u00edt\u00e9se<\/p>\n\n\n\n<p>C\u00e9l:<\/p>\n\n\n\n<p>&#8211; sz\u00e1mla vagy d\u00edjbek\u00e9r\u0151 ki\u00e1ll\u00edt\u00e1sa<\/p>\n\n\n\n<p>&#8211; sz\u00e1mviteli \u00e9s ad\u00f3z\u00e1si k\u00f6telezetts\u00e9gek teljes\u00edt\u00e9se<\/p>\n\n\n\n<p>Jogalap:<\/p>\n\n\n\n<p>&#8211; GDPR 6. cikk (1) bekezd\u00e9s c) pontja, azaz jogi k\u00f6telezetts\u00e9g teljes\u00edt\u00e9se<\/p>\n\n\n\n<p>4.3. Eg\u00e9szs\u00e9g\u00fcgyi vagy k\u00fcl\u00f6nleges sz\u00fcks\u00e9gletek kezel\u00e9se<\/p>\n\n\n\n<p>C\u00e9l:<\/p>\n\n\n\n<p>&#8211; a gyermek biztons\u00e1gos r\u00e9szv\u00e9tel\u00e9nek el\u0151seg\u00edt\u00e9se<\/p>\n\n\n\n<p>&#8211; az \u00e9tkez\u00e9si, eg\u00e9szs\u00e9g\u00fcgyi vagy egy\u00e9b speci\u00e1lis k\u00f6r\u00fclm\u00e9nyek figyelembev\u00e9tele<\/p>\n\n\n\n<p>Jogalap:<\/p>\n\n\n\n<p>&#8211; GDPR 9. cikk (2) bekezd\u00e9s a) pontja, azaz az \u00e9rintett vagy t\u00f6rv\u00e9nyes k\u00e9pvisel\u0151je \u00e1ltal adott kifejezett hozz\u00e1j\u00e1rul\u00e1s<\/p>\n\n\n\n<p>4.4. Opcion\u00e1lis statisztikai \u00e9s szolg\u00e1ltat\u00e1sfejleszt\u00e9si c\u00e9l\u00fa felhaszn\u00e1l\u00e1s<\/p>\n\n\n\n<p>C\u00e9l:<\/p>\n\n\n\n<p>&#8211; a t\u00e1bori helysz\u00ednek, korcsoportok, turnusok ir\u00e1nti \u00e9rdekl\u0151d\u00e9s elemz\u00e9se<\/p>\n\n\n\n<p>&#8211; j\u00f6v\u0151beni szolg\u00e1ltat\u00e1sfejleszt\u00e9s<\/p>\n\n\n\n<p>&#8211; szervez\u00e9si d\u00f6nt\u00e9sek t\u00e1mogat\u00e1sa<\/p>\n\n\n\n<p>Jogalap:<\/p>\n\n\n\n<p>&#8211; GDPR 6. cikk (1) bekezd\u00e9s a) pontja, azaz \u00f6nk\u00e9ntes hozz\u00e1j\u00e1rul\u00e1s<\/p>\n\n\n\n<p>Ebben az esetben az adatkezel\u0151 t\u00f6rekszik arra, hogy a szem\u00e9lyes adatokat el\u0151bb anonimiz\u00e1lja, \u00e9s a tov\u00e1bbiakban kiz\u00e1r\u00f3lag \u00f6sszes\u00edtett, vissza nem vezethet\u0151 form\u00e1ban haszn\u00e1lja fel.<\/p>\n\n\n\n<p>4.5. T\u00e1j\u00e9koztat\u00f3 e-mailek k\u00fcld\u00e9se a t\u00e1borral kapcsolatban<\/p>\n\n\n\n<p>C\u00e9l:<\/p>\n\n\n\n<p>&#8211; a jelentkez\u00e9shez, turnushoz, befizet\u00e9shez, szervez\u00e9si tudnival\u00f3khoz kapcsol\u00f3d\u00f3 inform\u00e1ci\u00f3k megk\u00fcld\u00e9se<\/p>\n\n\n\n<p>Jogalap:<\/p>\n\n\n\n<p>&#8211; GDPR 6. cikk (1) bekezd\u00e9s b) pontja, amennyiben ezek a levelek a jelentkez\u00e9s \u00e9s a szolg\u00e1ltat\u00e1s teljes\u00edt\u00e9s\u00e9hez kapcsol\u00f3dnak<\/p>\n\n\n\n<p>5. Az adatszolg\u00e1ltat\u00e1s jellege<\/p>\n\n\n\n<p>A jelentkez\u00e9shez sz\u00fcks\u00e9ges, csillaggal jel\u00f6lt adatok megad\u00e1sa a t\u00e1bori jelentkez\u00e9s r\u00f6gz\u00edt\u00e9s\u00e9hez \u00e9s lebonyol\u00edt\u00e1s\u00e1hoz sz\u00fcks\u00e9ges.<\/p>\n\n\n\n<p>Ha ezeket az adatokat az \u00e9rintett nem adja meg, az adatkezel\u0151 a jelentkez\u00e9st nem tudja fogadni, visszaigazolni vagy teljes\u00edteni.<\/p>\n\n\n\n<p>Az opcion\u00e1lisan megadhat\u00f3 adatok szolg\u00e1ltat\u00e1sa \u00f6nk\u00e9ntes.<\/p>\n\n\n\n<p>6. Kiskor\u00faak adatainak kezel\u00e9se<\/p>\n\n\n\n<p>Az adatkezel\u00e9s kiskor\u00fa gyermekek adatait is \u00e9rinti.<\/p>\n\n\n\n<p>A gyermek nev\u00e9ben adatot megadni, nyilatkozatot tenni, hozz\u00e1j\u00e1rul\u00e1st adni kiz\u00e1r\u00f3lag a sz\u00fcl\u0151 vagy t\u00f6rv\u00e9nyes k\u00e9pvisel\u0151 jogosult.<\/p>\n\n\n\n<p>Az adatkezel\u0151 a kiskor\u00faak adatait fokozott gondoss\u00e1ggal kezeli, \u00e9s kiz\u00e1r\u00f3lag a t\u00e1bor megszervez\u00e9s\u00e9hez, lebonyol\u00edt\u00e1s\u00e1hoz, illetve a jogszab\u00e1lyi k\u00f6telezetts\u00e9gek teljes\u00edt\u00e9s\u00e9hez sz\u00fcks\u00e9ges k\u00f6rben haszn\u00e1lja fel.<\/p>\n\n\n\n<p>7. Az adatok meg\u0151rz\u00e9si ideje<\/p>\n\n\n\n<p>7.1. A jelentkez\u00e9ssel, kapcsolattart\u00e1ssal \u00e9s a t\u00e1bor lebonyol\u00edt\u00e1s\u00e1val kapcsolatos szem\u00e9lyes adatok<\/p>\n\n\n\n<p>A t\u00e1bor v\u00e9g\u00e9t\u0151l sz\u00e1m\u00edtott 1 \u00e9vig ker\u00fclnek meg\u0151rz\u00e9sre, ezt k\u00f6vet\u0151en t\u00f6rl\u00e9sre vagy anonimiz\u00e1l\u00e1sra ker\u00fclnek.<\/p>\n\n\n\n<p>7.2. K\u00fcl\u00f6nleges adatok<\/p>\n\n\n\n<p>A gyermek eg\u00e9szs\u00e9g\u00fcgyi vagy k\u00fcl\u00f6nleges sz\u00fcks\u00e9gleteire vonatkoz\u00f3 adatokat az adatkezel\u0151 csak a sz\u00fcks\u00e9ges ideig, legk\u00e9s\u0151bb a t\u00e1bor lebonyol\u00edt\u00e1s\u00e1nak lez\u00e1r\u00e1s\u00e1ig kezeli, kiv\u00e9ve ha jogi ig\u00e9ny \u00e9rv\u00e9nyes\u00edt\u00e9s\u00e9hez vagy v\u00e9delm\u00e9hez r\u00f6videbb idej\u0171 tov\u00e1bbi meg\u0151rz\u00e9s indokolt.<\/p>\n\n\n\n<p>7.3. Sz\u00e1ml\u00e1z\u00e1si adatok<\/p>\n\n\n\n<p>A sz\u00e1ml\u00e1z\u00e1si adatokat az adatkezel\u0151 a vonatkoz\u00f3 sz\u00e1mviteli \u00e9s ad\u00f3jogi szab\u00e1lyok alapj\u00e1n 8 \u00e9vig \u0151rzi meg.<\/p>\n\n\n\n<p>7.4. Opcion\u00e1lis statisztikai c\u00e9l\u00fa adatkezel\u00e9s<\/p>\n\n\n\n<p>A szem\u00e9lyes azonos\u00edt\u00f3k t\u00f6rl\u00e9s\u00e9t k\u00f6vet\u0151en kiz\u00e1r\u00f3lag anonimiz\u00e1lt, aggreg\u00e1lt adatok \u0151rizhet\u0151k meg hosszabb t\u00e1von statisztikai \u00e9s szolg\u00e1ltat\u00e1sfejleszt\u00e9si c\u00e9lb\u00f3l.<\/p>\n\n\n\n<p>8. Adatt\u00f6rl\u00e9s \u00e9s anonimiz\u00e1l\u00e1s<\/p>\n\n\n\n<p>Az adatkezel\u0151 a meg\u0151rz\u00e9si id\u0151 lej\u00e1rtakor vagy az adatkezel\u00e9s c\u00e9lj\u00e1nak megsz\u0171n\u00e9sekor az al\u00e1bbi logika szerint j\u00e1r el:<\/p>\n\n\n\n<p>&#8211; t\u00f6rli az azonos\u00edt\u00f3 adatokat<\/p>\n\n\n\n<p>&#8211; ha relev\u00e1ns, az adatokat aggreg\u00e1lt statisztikai adathalmazba vonja<\/p>\n\n\n\n<p>&#8211; a visszaazonos\u00edt\u00e1sra m\u00e9g alkalmas k\u00f6ztes adatokat is t\u00f6rli<\/p>\n\n\n\n<p>&#8211; kiz\u00e1r\u00f3lag olyan \u00f6sszes\u00edtett adat maradhat fenn, amely term\u00e9szetes szem\u00e9lyhez t\u00f6bb\u00e9 nem k\u00f6thet\u0151<\/p>\n\n\n\n<p>9. Adatfeldolgoz\u00f3k \u00e9s c\u00edmzettek<\/p>\n\n\n\n<p>Az adatkezel\u0151 az al\u00e1bbi k\u00fcls\u0151 szolg\u00e1ltat\u00f3kat veheti ig\u00e9nybe:<\/p>\n\n\n\n<p>9.1. Google szolg\u00e1ltat\u00e1sok \/ Google Forms<\/p>\n\n\n\n<p>Feladat:<\/p>\n\n\n\n<p>&#8211; az online jelentkez\u00e9si \u0171rlap technikai m\u0171k\u00f6dtet\u00e9se<\/p>\n\n\n\n<p>&#8211; a bek\u00fcld\u00f6tt v\u00e1laszok infrastrukt\u00fara-szint\u0171 kezel\u00e9se<\/p>\n\n\n\n<p>Google adatv\u00e9delmi t\u00e1j\u00e9koztat\u00f3:<\/p>\n\n\n\n<figure class=\"wp-block-embed\"><div class=\"wp-block-embed__wrapper\">\nhttps:\/\/policies.google.com\/privacy\n<\/div><\/figure>\n\n\n\n<p>9.2. Rackhost Zrt.<\/p>\n\n\n\n<p>Feladat:<\/p>\n\n\n\n<p>&#8211; t\u00e1rhelyszolg\u00e1ltat\u00e1s<\/p>\n\n\n\n<p>&#8211; a weboldal technikai kiszolg\u00e1l\u00e1sa<\/p>\n\n\n\n<p>Rackhost adatkezel\u00e9si t\u00e1j\u00e9koztat\u00f3:<\/p>\n\n\n\n<figure class=\"wp-block-embed\"><div class=\"wp-block-embed__wrapper\">\nhttps:\/\/www.rackhost.hu\/privacy-policy\n<\/div><\/figure>\n\n\n\n<p>Az adatkezel\u0151 a szem\u00e9lyes adatokat k\u00f6nyvel\u0151, sz\u00e1ml\u00e1z\u00f3 vagy egy\u00e9b, jogszer\u0171en ig\u00e9nybe vett k\u00f6zrem\u0171k\u00f6d\u0151 r\u00e9sz\u00e9re is tov\u00e1bb\u00edthatja, amennyiben ez a szerz\u0151d\u00e9s teljes\u00edt\u00e9s\u00e9hez vagy jogi k\u00f6telezetts\u00e9g teljes\u00edt\u00e9s\u00e9hez sz\u00fcks\u00e9ges.<\/p>\n\n\n\n<p>10. Harmadik orsz\u00e1gba t\u00f6rt\u00e9n\u0151 adattov\u00e1bb\u00edt\u00e1s<\/p>\n\n\n\n<p>A Google szolg\u00e1ltat\u00e1sainak haszn\u00e1lata miatt el\u0151fordulhat, hogy egyes adatok az Eur\u00f3pai Uni\u00f3n k\u00edv\u00fcli orsz\u00e1gba is tov\u00e1bb\u00edt\u00e1sra ker\u00fclnek.<\/p>\n\n\n\n<p>Az ilyen adattov\u00e1bb\u00edt\u00e1s az adatkezel\u0151 tudom\u00e1sa szerint megfelel\u0151 garanci\u00e1k mellett t\u00f6rt\u00e9nik, p\u00e9ld\u00e1ul az Eur\u00f3pai Bizotts\u00e1g \u00e1ltal elfogadott standard szerz\u0151d\u00e9si felt\u00e9telek vagy m\u00e1s, alkalmazand\u00f3 megfelel\u0151s\u00e9gi mechanizmus alapj\u00e1n.<\/p>\n\n\n\n<p>Az \u00e9rintett k\u00e9r\u00e9s\u00e9re az adatkezel\u0151 t\u00e1j\u00e9koztat\u00e1st ad az alkalmazott garanci\u00e1kr\u00f3l.<\/p>\n\n\n\n<p>11. Az \u00e9rintettek jogai<\/p>\n\n\n\n<p>Az \u00e9rintettet az al\u00e1bbi jogok illetik meg:<\/p>\n\n\n\n<p>&#8211; t\u00e1j\u00e9koztat\u00e1shoz val\u00f3 jog<\/p>\n\n\n\n<p>&#8211; hozz\u00e1f\u00e9r\u00e9si jog<\/p>\n\n\n\n<p>&#8211; helyesb\u00edt\u00e9shez val\u00f3 jog<\/p>\n\n\n\n<p>&#8211; t\u00f6rl\u00e9shez val\u00f3 jog<\/p>\n\n\n\n<p>&#8211; az adatkezel\u00e9s korl\u00e1toz\u00e1s\u00e1hoz val\u00f3 jog<\/p>\n\n\n\n<p>&#8211; tiltakoz\u00e1shoz val\u00f3 jog, ha annak felt\u00e9telei fenn\u00e1llnak<\/p>\n\n\n\n<p>&#8211; adathordozhat\u00f3s\u00e1ghoz val\u00f3 jog, ha annak felt\u00e9telei fenn\u00e1llnak<\/p>\n\n\n\n<p>&#8211; a hozz\u00e1j\u00e1rul\u00e1s b\u00e1rmikori visszavon\u00e1s\u00e1nak joga a visszavon\u00e1s el\u0151tti adatkezel\u00e9s jogszer\u0171s\u00e9g\u00e9nek s\u00e9relme n\u00e9lk\u00fcl<\/p>\n\n\n\n<p>Joggyakorl\u00e1s c\u00e9lj\u00e1b\u00f3l az \u00e9rintett az al\u00e1bbi e-mail-c\u00edmen veheti fel a kapcsolatot az adatkezel\u0151vel:<\/p>\n\n\n\n<p>vivien.banhidi@gmail.com<\/p>\n\n\n\n<p>12. Automatiz\u00e1lt d\u00f6nt\u00e9shozatal \u00e9s profilalkot\u00e1s<\/p>\n\n\n\n<p>Az adatkezel\u0151 a jelentkez\u00e9sek kezel\u00e9se sor\u00e1n automatiz\u00e1lt d\u00f6nt\u00e9shozatalt vagy profilalkot\u00e1st nem alkalmaz.<\/p>\n\n\n\n<p>13. Panaszt\u00e9tel<\/p>\n\n\n\n<p>Amennyiben az \u00e9rintett \u00fagy \u00edt\u00e9li meg, hogy szem\u00e9lyes adatainak kezel\u00e9se jogs\u00e9rt\u0151, panasszal fordulhat a Nemzeti Adatv\u00e9delmi \u00e9s Inform\u00e1ci\u00f3szabads\u00e1g Hat\u00f3s\u00e1ghoz:<\/p>\n\n\n\n<p>Nemzeti Adatv\u00e9delmi \u00e9s Inform\u00e1ci\u00f3szabads\u00e1g Hat\u00f3s\u00e1g<\/p>\n\n\n\n<p>C\u00edm: 1055 Budapest, Falk Miksa utca 9\u201311.<\/p>\n\n\n\n<p>Weboldal: https:\/\/www.naih.hu<\/p>\n\n\n\n<p>E-mail: ugyfelszolgalat@naih.hu<\/p>\n\n\n\n<p>14. Hozz\u00e1j\u00e1rul\u00e1si nyilatkozatok az \u0171rlapon<\/p>\n\n\n\n<p>A jelentkez\u00e9si \u0171rlapon az al\u00e1bbi hozz\u00e1j\u00e1rul\u00e1sok \/ nyilatkozatok jelenhetnek meg:<\/p>\n\n\n\n<p>&#8211; k\u00f6telez\u0151 nyilatkozat az adatkezel\u00e9si t\u00e1j\u00e9koztat\u00f3 megismer\u00e9s\u00e9r\u0151l<\/p>\n\n\n\n<p>&#8211; opcion\u00e1lis hozz\u00e1j\u00e1rul\u00e1s statisztikai c\u00e9l\u00fa felhaszn\u00e1l\u00e1shoz<\/p>\n\n\n\n<p>&#8211; k\u00fcl\u00f6n hozz\u00e1j\u00e1rul\u00e1s k\u00e9pm\u00e1s, fot\u00f3 vagy vide\u00f3 felhaszn\u00e1l\u00e1s\u00e1hoz, ha ilyen adatkezel\u00e9s t\u00f6rt\u00e9nik<\/p>\n\n\n\n<p>15. S\u00fcti t\u00e1j\u00e9koztat\u00e1s<\/p>\n\n\n\n<p>A weboldal s\u00fctiket haszn\u00e1lhat.<\/p>\n\n\n\n<p>A s\u00fctik kezel\u00e9s\u00e9re vonatkoz\u00f3 r\u00e9szletes szab\u00e1lyokat a k\u00fcl\u00f6n S\u00fcti T\u00e1j\u00e9koztat\u00f3 tartalmazza.<\/p>\n\n\n\n<p>16. A t\u00e1j\u00e9koztat\u00f3 m\u00f3dos\u00edt\u00e1sa<\/p>\n\n\n\n<p>Az adatkezel\u0151 fenntartja a jogot, hogy a jelen t\u00e1j\u00e9koztat\u00f3t egyoldal\u00faan m\u00f3dos\u00edtsa.<\/p>\n\n\n\n<p>A mindenkor hat\u00e1lyos v\u00e1ltozat a weboldalon \u00e9rhet\u0151 el.<\/p>\n\n\n\n<p>Budapest, 2026<\/p>\n\n\n\n<p>Swan-Sport RG Club<\/p>\n","protected":false},"excerpt":{"rendered":"<p>1. Az adatkezel\u0151 adatai N\u00e9v: Swan-Sport RG Club Sz\u00e9khely: 1036 Budapest, Lajos utca 91. 3\/42. Nyilv\u00e1ntart\u00e1si sz\u00e1m: 01-02-0017865 Ad\u00f3sz\u00e1m: 19337742-1-41 K\u00e9pvisel\u0151: B\u00e1nhidi Vivien Kapcsolattart\u00f3 e-mail: vivien.banhidi@gmail.com Telefonsz\u00e1m: +36 70 776 0466 2. A t\u00e1j\u00e9koztat\u00f3 c\u00e9lja Jelen t\u00e1j\u00e9koztat\u00f3 c\u00e9lja, hogy a Swan-Sport RG Club ny\u00e1ri t\u00e1boraira t\u00f6rt\u00e9n\u0151 jelentkez\u00e9s sor\u00e1n megval\u00f3sul\u00f3 adatkezel\u00e9sr\u0151l k\u00f6z\u00e9rthet\u0151 \u00e9s \u00e1tl\u00e1that\u00f3 t\u00e1j\u00e9koztat\u00e1st adjon [&hellip;]<\/p>\n","protected":false},"author":2,"featured_media":0,"parent":0,"menu_order":0,"comment_status":"closed","ping_status":"closed","template":"","meta":{"site-sidebar-layout":"default","site-content-layout":"","ast-site-content-layout":"default","site-content-style":"default","site-sidebar-style":"default","ast-global-header-display":"","ast-banner-title-visibility":"","ast-main-header-display":"","ast-hfb-above-header-display":"","ast-hfb-below-header-display":"","ast-hfb-mobile-header-display":"","site-post-title":"","ast-breadcrumbs-content":"","ast-featured-img":"","footer-sml-layout":"","ast-disable-related-posts":"","theme-transparent-header-meta":"","adv-header-id-meta":"","stick-header-meta":"","header-above-stick-meta":"","header-main-stick-meta":"","header-below-stick-meta":"","astra-migrate-meta-layouts":"set","ast-page-background-enabled":"default","ast-page-background-meta":{"desktop":{"background-color":"","background-image":"","background-repeat":"repeat","background-position":"center center","background-size":"auto","background-attachment":"scroll","background-type":"","background-media":"","overlay-type":"","overlay-color":"","overlay-opacity":"","overlay-gradient":""},"tablet":{"background-color":"","background-image":"","background-repeat":"repeat","background-position":"center center","background-size":"auto","background-attachment":"scroll","background-type":"","background-media":"","overlay-type":"","overlay-color":"","overlay-opacity":"","overlay-gradient":""},"mobile":{"background-color":"","background-image":"","background-repeat":"repeat","background-position":"center center","background-size":"auto","background-attachment":"scroll","background-type":"","background-media":"","overlay-type":"","overlay-color":"","overlay-opacity":"","overlay-gradient":""}},"ast-content-background-meta":{"desktop":{"background-color":"var(--ast-global-color-5)","background-image":"","background-repeat":"repeat","background-position":"center center","background-size":"auto","background-attachment":"scroll","background-type":"","background-media":"","overlay-type":"","overlay-color":"","overlay-opacity":"","overlay-gradient":""},"tablet":{"background-color":"var(--ast-global-color-5)","background-image":"","background-repeat":"repeat","background-position":"center center","background-size":"auto","background-attachment":"scroll","background-type":"","background-media":"","overlay-type":"","overlay-color":"","overlay-opacity":"","overlay-gradient":""},"mobile":{"background-color":"var(--ast-global-color-5)","background-image":"","background-repeat":"repeat","background-position":"center center","background-size":"auto","background-attachment":"scroll","background-type":"","background-media":"","overlay-type":"","overlay-color":"","overlay-opacity":"","overlay-gradient":""}},"footnotes":""},"class_list":["post-2245","page","type-page","status-publish","hentry"],"_links":{"self":[{"href":"https:\/\/rgedzesek.hu\/dev\/wp-json\/wp\/v2\/pages\/2245","targetHints":{"allow":["GET"]}}],"collection":[{"href":"https:\/\/rgedzesek.hu\/dev\/wp-json\/wp\/v2\/pages"}],"about":[{"href":"https:\/\/rgedzesek.hu\/dev\/wp-json\/wp\/v2\/types\/page"}],"author":[{"embeddable":true,"href":"https:\/\/rgedzesek.hu\/dev\/wp-json\/wp\/v2\/users\/2"}],"replies":[{"embeddable":true,"href":"https:\/\/rgedzesek.hu\/dev\/wp-json\/wp\/v2\/comments?post=2245"}],"version-history":[{"count":1,"href":"https:\/\/rgedzesek.hu\/dev\/wp-json\/wp\/v2\/pages\/2245\/revisions"}],"predecessor-version":[{"id":2247,"href":"https:\/\/rgedzesek.hu\/dev\/wp-json\/wp\/v2\/pages\/2245\/revisions\/2247"}],"wp:attachment":[{"href":"https:\/\/rgedzesek.hu\/dev\/wp-json\/wp\/v2\/media?parent=2245"}],"curies":[{"name":"wp","href":"https:\/\/api.w.org\/{rel}","templated":true}]}}