{"id":2082,"date":"2026-03-30T13:50:53","date_gmt":"2026-03-30T13:50:53","guid":{"rendered":"https:\/\/rgedzesek.hu\/dev\/?page_id=2082"},"modified":"2026-04-04T13:22:48","modified_gmt":"2026-04-04T13:22:48","slug":"impresszum","status":"publish","type":"page","link":"https:\/\/rgedzesek.hu\/dev\/impresszum\/","title":{"rendered":"Impresszum"},"content":{"rendered":"\n<p>Impresszum<\/p>\n\n\n\n<p>Szolg\u00e1ltat\u00f3 adatai<\/p>\n\n\n\n<p>N\u00e9v: Swan-Sport RG Club<\/p>\n\n\n\n<p>Sz\u00e9khely: 1036 Budapest, Lajos utca 91. 3\/42.<\/p>\n\n\n\n<p>Nyilv\u00e1ntart\u00e1si sz\u00e1m: 01-02-0017865<\/p>\n\n\n\n<p>Nyilv\u00e1ntart\u00e1sba vev\u0151 szerv: F\u0151v\u00e1rosi T\u00f6rv\u00e9nysz\u00e9k<\/p>\n\n\n\n<p>Ad\u00f3sz\u00e1m: 19337742-1-41<\/p>\n\n\n\n<p>K\u00e9pvisel\u0151: B\u00e1nhidi Vivien<\/p>\n\n\n\n<p>Kapcsolat<\/p>\n\n\n\n<p>E-mail: vivien.banhidi@gmail.com<\/p>\n\n\n\n<p>Telefon: +36 70 776 0466<\/p>\n\n\n\n<p>Weboldal: https:\/\/rgedzesek.hu<\/p>\n\n\n\n<p>T\u00e1rhelyszolg\u00e1ltat\u00f3<\/p>\n\n\n\n<p>N\u00e9v: Rackhost Zrt.<\/p>\n\n\n\n<p>Sz\u00e9khely: 6722 Szeged, Tisza Lajos k\u00f6r\u00fat 41.<\/p>\n\n\n\n<p>C\u00e9gjegyz\u00e9ksz\u00e1m: 06-10-000489<\/p>\n\n\n\n<p>Ad\u00f3sz\u00e1m: 25333572-2-06<\/p>\n\n\n\n<p>Nyilv\u00e1ntart\u00e1sba vev\u0151 c\u00e9gb\u00edr\u00f3s\u00e1g: Szegedi T\u00f6rv\u00e9nysz\u00e9k C\u00e9gb\u00edr\u00f3s\u00e1ga<\/p>\n\n\n\n<p>E-mail: info@rackhost.hu<\/p>\n\n\n\n<p>Telefon: +36 1 445 1200<\/p>\n\n\n\n<p>Weboldal: https:\/\/rackhost.hu<\/p>\n\n\n\n<p>Szerz\u0151i jog<\/p>\n\n\n\n<p>A weboldalon tal\u00e1lhat\u00f3 tartalmak \u2013 k\u00fcl\u00f6n\u00f6sen a sz\u00f6vegek, k\u00e9pek, grafik\u00e1k \u00e9s egy\u00e9b anyagok \u2013 a Swan-Sport RG Club tulajdon\u00e1t k\u00e9pezik, illetve azok felhaszn\u00e1l\u00e1s\u00e1ra a Swan-Sport RG Club jogosult. A tartalmak el\u0151zetes \u00edr\u00e1sbeli hozz\u00e1j\u00e1rul\u00e1s n\u00e9lk\u00fcli m\u00e1sol\u00e1sa, terjeszt\u00e9se vagy egy\u00e9b felhaszn\u00e1l\u00e1sa nem enged\u00e9lyezett.<\/p>\n\n\n\n<p>Utols\u00f3 friss\u00edt\u00e9s: 2026<\/p>\n\n\n\n<p><\/p>\n\n\n\n<p><\/p>\n\n\n\n<p><\/p>\n\n\n\n<p><\/p>\n\n\n\n<p><\/p>\n","protected":false},"excerpt":{"rendered":"<p>Impresszum Szolg\u00e1ltat\u00f3 adatai N\u00e9v: Swan-Sport RG Club Sz\u00e9khely: 1036 Budapest, Lajos utca 91. 3\/42. Nyilv\u00e1ntart\u00e1si sz\u00e1m: 01-02-0017865 Nyilv\u00e1ntart\u00e1sba vev\u0151 szerv: F\u0151v\u00e1rosi T\u00f6rv\u00e9nysz\u00e9k Ad\u00f3sz\u00e1m: 19337742-1-41 K\u00e9pvisel\u0151: B\u00e1nhidi Vivien Kapcsolat E-mail: vivien.banhidi@gmail.com Telefon: +36 70 776 0466 Weboldal: https:\/\/rgedzesek.hu T\u00e1rhelyszolg\u00e1ltat\u00f3 N\u00e9v: Rackhost Zrt. Sz\u00e9khely: 6722 Szeged, Tisza Lajos k\u00f6r\u00fat 41. C\u00e9gjegyz\u00e9ksz\u00e1m: 06-10-000489 Ad\u00f3sz\u00e1m: 25333572-2-06 Nyilv\u00e1ntart\u00e1sba vev\u0151 c\u00e9gb\u00edr\u00f3s\u00e1g: [&hellip;]<\/p>\n","protected":false},"author":2,"featured_media":0,"parent":0,"menu_order":0,"comment_status":"closed","ping_status":"closed","template":"","meta":{"site-sidebar-layout":"default","site-content-layout":"","ast-site-content-layout":"default","site-content-style":"default","site-sidebar-style":"default","ast-global-header-display":"","ast-banner-title-visibility":"","ast-main-header-display":"","ast-hfb-above-header-display":"","ast-hfb-below-header-display":"","ast-hfb-mobile-header-display":"","site-post-title":"","ast-breadcrumbs-content":"","ast-featured-img":"","footer-sml-layout":"","ast-disable-related-posts":"","theme-transparent-header-meta":"","adv-header-id-meta":"","stick-header-meta":"","header-above-stick-meta":"","header-main-stick-meta":"","header-below-stick-meta":"","astra-migrate-meta-layouts":"set","ast-page-background-enabled":"default","ast-page-background-meta":{"desktop":{"background-color":"","background-image":"","background-repeat":"repeat","background-position":"center center","background-size":"auto","background-attachment":"scroll","background-type":"","background-media":"","overlay-type":"","overlay-color":"","overlay-opacity":"","overlay-gradient":""},"tablet":{"background-color":"","background-image":"","background-repeat":"repeat","background-position":"center center","background-size":"auto","background-attachment":"scroll","background-type":"","background-media":"","overlay-type":"","overlay-color":"","overlay-opacity":"","overlay-gradient":""},"mobile":{"background-color":"","background-image":"","background-repeat":"repeat","background-position":"center center","background-size":"auto","background-attachment":"scroll","background-type":"","background-media":"","overlay-type":"","overlay-color":"","overlay-opacity":"","overlay-gradient":""}},"ast-content-background-meta":{"desktop":{"background-color":"var(--ast-global-color-5)","background-image":"","background-repeat":"repeat","background-position":"center center","background-size":"auto","background-attachment":"scroll","background-type":"","background-media":"","overlay-type":"","overlay-color":"","overlay-opacity":"","overlay-gradient":""},"tablet":{"background-color":"var(--ast-global-color-5)","background-image":"","background-repeat":"repeat","background-position":"center center","background-size":"auto","background-attachment":"scroll","background-type":"","background-media":"","overlay-type":"","overlay-color":"","overlay-opacity":"","overlay-gradient":""},"mobile":{"background-color":"var(--ast-global-color-5)","background-image":"","background-repeat":"repeat","background-position":"center center","background-size":"auto","background-attachment":"scroll","background-type":"","background-media":"","overlay-type":"","overlay-color":"","overlay-opacity":"","overlay-gradient":""}},"footnotes":""},"class_list":["post-2082","page","type-page","status-publish","hentry"],"_links":{"self":[{"href":"https:\/\/rgedzesek.hu\/dev\/wp-json\/wp\/v2\/pages\/2082","targetHints":{"allow":["GET"]}}],"collection":[{"href":"https:\/\/rgedzesek.hu\/dev\/wp-json\/wp\/v2\/pages"}],"about":[{"href":"https:\/\/rgedzesek.hu\/dev\/wp-json\/wp\/v2\/types\/page"}],"author":[{"embeddable":true,"href":"https:\/\/rgedzesek.hu\/dev\/wp-json\/wp\/v2\/users\/2"}],"replies":[{"embeddable":true,"href":"https:\/\/rgedzesek.hu\/dev\/wp-json\/wp\/v2\/comments?post=2082"}],"version-history":[{"count":3,"href":"https:\/\/rgedzesek.hu\/dev\/wp-json\/wp\/v2\/pages\/2082\/revisions"}],"predecessor-version":[{"id":2252,"href":"https:\/\/rgedzesek.hu\/dev\/wp-json\/wp\/v2\/pages\/2082\/revisions\/2252"}],"wp:attachment":[{"href":"https:\/\/rgedzesek.hu\/dev\/wp-json\/wp\/v2\/media?parent=2082"}],"curies":[{"name":"wp","href":"https:\/\/api.w.org\/{rel}","templated":true}]}}